{"id":35,"date":"2015-12-18T15:35:59","date_gmt":"2015-12-18T14:35:59","guid":{"rendered":"https:\/\/gdh-hydrometrie.org\/?page_id=35"},"modified":"2025-01-07T11:10:59","modified_gmt":"2025-01-07T10:10:59","slug":"liens-utiles","status":"publish","type":"page","link":"https:\/\/gdh-hydrometrie.org\/es\/boite-a-outils\/liens-utiles\/","title":{"rendered":"<strong>Liens utiles<\/strong>"},"content":{"rendered":"<p><\/p>\n<ul>\n<li><strong>Les partenaires (n\u00e9cessit\u00e9 de l&#8217;accord de chacun pour publier les adresses et\u00a0 logos?)<\/strong><\/li>\n<\/ul>\n<p><a href=\"http:\/\/www.irstea.fr\/\">http:\/\/www.irstea.fr\/<\/a><\/p>\n<ul>\n<li><strong>La situation hydro-m\u00e9t\u00e9o temps r\u00e9el<\/strong><\/li>\n<\/ul>\n<p><a href=\"http:\/\/www.vigicrues.gouv.fr\/\">http:\/\/www.vigicrues.gouv.fr\/<\/a><\/p>\n<p><a href=\"https:\/\/www.inforhone.fr\/inforhone\/FR\/Commun\/index.aspx\">Info Rh\u00f4ne CNR<\/a><\/p>\n<ul>\n<li><strong>Radar m\u00e9t\u00e9o en temps r\u00e9el<\/strong><\/li>\n<\/ul>\n<p><a href=\"http:\/\/www.meteociel.fr\/observations-meteo\/radar.php\">http:\/\/www.meteociel.fr\/observations-meteo\/radar.php<\/a><\/p>\n<ul>\n<li><strong>Pr\u00e9visions<\/strong><\/li>\n<\/ul>\n<p><a href=\"http:\/\/www.meteofrance.com\/accueil\">http:\/\/www.meteofrance.com\/accueil<\/a><\/p>\n<ul>\n<li><strong>Donn\u00e9es hydrom\u00e9triques<\/strong><\/li>\n<\/ul>\n<p><a href=\"http:\/\/www.hydro.eaufrance.fr\/\">http:\/\/www.hydro.eaufrance.fr\/<\/a><\/p>\n<p><a href=\"https:\/\/bdoh.irstea.fr\/\">https:\/\/bdoh.irstea.fr\/<\/a><\/p>\n<ul>\n<li><strong>Ressources documentaires en hydrom\u00e9trie<\/strong><\/li>\n<\/ul>\n<p><a href=\"http:\/\/wikhydro.developpement-durable.gouv.fr\/index.php\/Portail:Wikhydro\">http:\/\/wikhydro.developpement-durable.gouv.fr\/<\/a><\/p>\n<p><a href=\"http:\/\/horizon.documentation.ird.fr\/exl-php\/cadcgp.php?CMD=CHERCHE&amp;query=1&amp;MODELE=vues\/horizon\/accueil.html&amp;AUTH=1\">service de documentation de l&#8217;IRD<\/a><\/p>\n<p><a href=\"http:\/\/www.documentation.eaufrance.fr\/\">Les documents techniques sur l&#8217;eau<\/a><\/p>\n<ul>\n<li><strong>L&#8217;hydrom\u00e9trie dans le monde<\/strong><\/li>\n<\/ul>\n<p><a href=\"http:\/\/www.usgs.gov\/\">http:\/\/www.usgs.gov\/<\/a><\/p>\n<p>&nbsp;<\/p>","protected":false},"excerpt":{"rendered":"<p>Les partenaires (n\u00e9cessit\u00e9 de l&#8217;accord de chacun pour publier les adresses et\u00a0 logos?) http:\/\/www.irstea.fr\/ La situation hydro-m\u00e9t\u00e9o temps r\u00e9el http:\/\/www.vigicrues.gouv.fr\/ Info Rh\u00f4ne CNR Radar m\u00e9t\u00e9o en temps r\u00e9el http:\/\/www.meteociel.fr\/observations-meteo\/radar.php Pr\u00e9visions http:\/\/www.meteofrance.com\/accueil Donn\u00e9es hydrom\u00e9triques http:\/\/www.hydro.eaufrance.fr\/ https:\/\/bdoh.irstea.fr\/ Ressources documentaires en hydrom\u00e9trie http:\/\/wikhydro.developpement-durable.gouv.fr\/<\/p>\n","protected":false},"author":4,"featured_media":0,"parent":133,"menu_order":3,"comment_status":"closed","ping_status":"closed","template":"","meta":{"_bbp_topic_count":0,"_bbp_reply_count":0,"_bbp_total_topic_count":0,"_bbp_total_reply_count":0,"_bbp_voice_count":0,"_bbp_anonymous_reply_count":0,"_bbp_topic_count_hidden":0,"_bbp_reply_count_hidden":0,"_bbp_forum_subforum_count":0,"footnotes":""},"class_list":["post-35","page","type-page","status-publish","hentry"],"_links":{"self":[{"href":"https:\/\/gdh-hydrometrie.org\/es\/wp-json\/wp\/v2\/pages\/35","targetHints":{"allow":["GET"]}}],"collection":[{"href":"https:\/\/gdh-hydrometrie.org\/es\/wp-json\/wp\/v2\/pages"}],"about":[{"href":"https:\/\/gdh-hydrometrie.org\/es\/wp-json\/wp\/v2\/types\/page"}],"author":[{"embeddable":true,"href":"https:\/\/gdh-hydrometrie.org\/es\/wp-json\/wp\/v2\/users\/4"}],"replies":[{"embeddable":true,"href":"https:\/\/gdh-hydrometrie.org\/es\/wp-json\/wp\/v2\/comments?post=35"}],"version-history":[{"count":42,"href":"https:\/\/gdh-hydrometrie.org\/es\/wp-json\/wp\/v2\/pages\/35\/revisions"}],"predecessor-version":[{"id":2210,"href":"https:\/\/gdh-hydrometrie.org\/es\/wp-json\/wp\/v2\/pages\/35\/revisions\/2210"}],"up":[{"embeddable":true,"href":"https:\/\/gdh-hydrometrie.org\/es\/wp-json\/wp\/v2\/pages\/133"}],"wp:attachment":[{"href":"https:\/\/gdh-hydrometrie.org\/es\/wp-json\/wp\/v2\/media?parent=35"}],"curies":[{"name":"wp","href":"https:\/\/api.w.org\/{rel}","templated":true}]}}