{"id":348,"date":"2017-04-26T13:48:28","date_gmt":"2017-04-26T12:48:28","guid":{"rendered":"https:\/\/gdh-hydrometrie.org\/?page_id=348"},"modified":"2025-06-13T10:00:21","modified_gmt":"2025-06-13T09:00:21","slug":"test-accueil","status":"publish","type":"page","link":"https:\/\/gdh-hydrometrie.org\/es\/","title":{"rendered":"(Fran\u00e7ais) Accueil"},"content":{"rendered":"<p><\/p>\n<div lang=\"zxx\"><span style=\"background-color: #566d79; color: white; text-align: justify;\">El Grupo Hidrometr\u00eda Doppler es una red profesoinal que re\u00fane los franc\u00f3fonos. Actualmente, es la mayor red de profesionales en todo el mundo. Ven a participar a nos foros de discusi\u00f3n e informaci\u00f3n sobre los temas de la hydrometr\u00eda !<\/span><\/div>\n<div id=\"TheTexte\" class=\"Texte\" lang=\"zxx\">\n<div style=\"background-color: #566d79; color: white; text-align: justify;\">Propon\u00e9is subjectos, id\u00e9as de desarollo <span id=\"result_box\" class=\"\" lang=\"es\"><span class=\"\">de hardware o software. P<\/span><\/span>articip\u00e1is y hac\u00e9is vivir esta red.<\/div>\n<div style=\"background-color: #566d79; color: white; text-align: justify;\">El ultimo evento:\u00a0 La i<span id=\"result_box\" class=\"\" lang=\"es\">ntercomparaci\u00f3n de Chauvan en Saint-Priest-Taurion con una imagen aqu\u00ed<\/span><\/div>\n<\/div>\n<div lang=\"zxx\"><\/div>\n<div lang=\"zxx\"><img loading=\"lazy\" decoding=\"async\" class=\"wp-image-1256 alignnone\" src=\"https:\/\/gdh-hydrometrie.org\/wp-content\/uploads\/2019\/01\/Photo-de-groupe-300x85.jpg\" alt=\"\" width=\"706\" height=\"200\" srcset=\"https:\/\/gdh-hydrometrie.org\/wp-content\/uploads\/2019\/01\/Photo-de-groupe-300x85.jpg 300w, https:\/\/gdh-hydrometrie.org\/wp-content\/uploads\/2019\/01\/Photo-de-groupe-768x217.jpg 768w, https:\/\/gdh-hydrometrie.org\/wp-content\/uploads\/2019\/01\/Photo-de-groupe-1024x290.jpg 1024w, https:\/\/gdh-hydrometrie.org\/wp-content\/uploads\/2019\/01\/Photo-de-groupe-600x170.jpg 600w, https:\/\/gdh-hydrometrie.org\/wp-content\/uploads\/2019\/01\/Photo-de-groupe-24x7.jpg 24w, https:\/\/gdh-hydrometrie.org\/wp-content\/uploads\/2019\/01\/Photo-de-groupe-36x10.jpg 36w, https:\/\/gdh-hydrometrie.org\/wp-content\/uploads\/2019\/01\/Photo-de-groupe-48x14.jpg 48w\" sizes=\"auto, (max-width: 706px) 100vw, 706px\" \/><\/div>\n<div lang=\"zxx\"><\/div>\n<div lang=\"zxx\"><span style=\"background-color: #566d79; color: white; text-align: justify;\">El Grupo Hidrometr\u00eda Doppler es una red profesoinal que re\u00fane los franc\u00f3fonos. Actualmente, es la mayor red de profesionales en todo el mundo. Ven a participar a nos foros de discusi\u00f3n e informaci\u00f3n sobre los temas de la hydrometr\u00eda !<\/span><\/div>\n<div id=\"TheTexte\" class=\"Texte\" lang=\"zxx\">\n<div style=\"background-color: #566d79; color: white; text-align: justify;\">Propon\u00e9is subjectos, id\u00e9as de desarollo <span id=\"result_box\" class=\"\" lang=\"es\"><span class=\"\">de hardware o software. P<\/span><\/span>articip\u00e1is y hac\u00e9is vivir esta red.<\/div>\n<div style=\"background-color: #566d79; color: white; text-align: justify;\">El ultimo evento:\u00a0 La i<span id=\"result_box\" class=\"\" lang=\"es\">ntercomparaci\u00f3n de Chauvan en Saint-Priest-Taurion con una imagen aqu\u00ed<\/span><\/div>\n<\/div>\n<div lang=\"zxx\"><\/div>\n<div lang=\"zxx\"><img loading=\"lazy\" decoding=\"async\" class=\"wp-image-1256 alignnone\" src=\"https:\/\/gdh-hydrometrie.org\/wp-content\/uploads\/2019\/01\/Photo-de-groupe-300x85.jpg\" alt=\"\" width=\"706\" height=\"200\" srcset=\"https:\/\/gdh-hydrometrie.org\/wp-content\/uploads\/2019\/01\/Photo-de-groupe-300x85.jpg 300w, https:\/\/gdh-hydrometrie.org\/wp-content\/uploads\/2019\/01\/Photo-de-groupe-768x217.jpg 768w, https:\/\/gdh-hydrometrie.org\/wp-content\/uploads\/2019\/01\/Photo-de-groupe-1024x290.jpg 1024w, https:\/\/gdh-hydrometrie.org\/wp-content\/uploads\/2019\/01\/Photo-de-groupe-600x170.jpg 600w, https:\/\/gdh-hydrometrie.org\/wp-content\/uploads\/2019\/01\/Photo-de-groupe-24x7.jpg 24w, https:\/\/gdh-hydrometrie.org\/wp-content\/uploads\/2019\/01\/Photo-de-groupe-36x10.jpg 36w, https:\/\/gdh-hydrometrie.org\/wp-content\/uploads\/2019\/01\/Photo-de-groupe-48x14.jpg 48w\" sizes=\"auto, (max-width: 706px) 100vw, 706px\" \/><\/div>\n<div lang=\"zxx\"><\/div>\n<p><\/p>","protected":false},"excerpt":{"rendered":"<p>El Grupo Hidrometr\u00eda Doppler es una red profesoinal que re\u00fane los franc\u00f3fonos. Actualmente, es la mayor red de profesionales en todo el mundo. Ven a participar a nos foros de discusi\u00f3n e informaci\u00f3n sobre los temas de la hydrometr\u00eda !<\/p>\n","protected":false},"author":1,"featured_media":0,"parent":0,"menu_order":0,"comment_status":"closed","ping_status":"closed","template":"","meta":{"_bbp_topic_count":0,"_bbp_reply_count":0,"_bbp_total_topic_count":0,"_bbp_total_reply_count":0,"_bbp_voice_count":0,"_bbp_anonymous_reply_count":0,"_bbp_topic_count_hidden":0,"_bbp_reply_count_hidden":0,"_bbp_forum_subforum_count":0,"footnotes":""},"class_list":["post-348","page","type-page","status-publish","hentry"],"_links":{"self":[{"href":"https:\/\/gdh-hydrometrie.org\/es\/wp-json\/wp\/v2\/pages\/348","targetHints":{"allow":["GET"]}}],"collection":[{"href":"https:\/\/gdh-hydrometrie.org\/es\/wp-json\/wp\/v2\/pages"}],"about":[{"href":"https:\/\/gdh-hydrometrie.org\/es\/wp-json\/wp\/v2\/types\/page"}],"author":[{"embeddable":true,"href":"https:\/\/gdh-hydrometrie.org\/es\/wp-json\/wp\/v2\/users\/1"}],"replies":[{"embeddable":true,"href":"https:\/\/gdh-hydrometrie.org\/es\/wp-json\/wp\/v2\/comments?post=348"}],"version-history":[{"count":87,"href":"https:\/\/gdh-hydrometrie.org\/es\/wp-json\/wp\/v2\/pages\/348\/revisions"}],"predecessor-version":[{"id":2316,"href":"https:\/\/gdh-hydrometrie.org\/es\/wp-json\/wp\/v2\/pages\/348\/revisions\/2316"}],"wp:attachment":[{"href":"https:\/\/gdh-hydrometrie.org\/es\/wp-json\/wp\/v2\/media?parent=348"}],"curies":[{"name":"wp","href":"https:\/\/api.w.org\/{rel}","templated":true}]}}