{"id":33,"date":"2015-12-18T15:34:53","date_gmt":"2015-12-18T14:34:53","guid":{"rendered":"https:\/\/gdh-hydrometrie.org\/?page_id=33"},"modified":"2025-03-19T16:43:32","modified_gmt":"2025-03-19T15:43:32","slug":"videos","status":"publish","type":"page","link":"https:\/\/gdh-hydrometrie.org\/es\/boite-a-outils\/documents-utiles\/videos\/","title":{"rendered":"M\u00e9trologie"},"content":{"rendered":"<p>Vous voulez calculer des incertitudes<\/p>\n<p>Vous voulez organiser un essai inter-laboratoires<\/p>\n<p>Retrouvez l&#8217;historique des derniers essais inter-laboratoires en hydrom\u00e9trie<\/p>\n<p>Vous souhaitez faire un REX suite \u00e0 une inondation<\/p>\n<p>Vous voulez exp\u00e9rimenter la d\u00e9bitm\u00e9trie par analyse d&#8217;images (LSPIV)<\/p>\n<p>&nbsp;<\/p>\n<p><img loading=\"lazy\" decoding=\"async\" class=\"alignnone size-medium wp-image-74 aligncenter\" src=\"https:\/\/gdh-hydrometrie.org\/wp-content\/uploads\/2015\/12\/1_ouveze-300x200.jpg\" alt=\"1_ouveze\" width=\"300\" height=\"200\" srcset=\"https:\/\/gdh-hydrometrie.org\/wp-content\/uploads\/2015\/12\/1_ouveze-300x200.jpg 300w, https:\/\/gdh-hydrometrie.org\/wp-content\/uploads\/2015\/12\/1_ouveze-768x513.jpg 768w, https:\/\/gdh-hydrometrie.org\/wp-content\/uploads\/2015\/12\/1_ouveze-1024x684.jpg 1024w\" sizes=\"auto, (max-width: 300px) 100vw, 300px\" \/><\/p>\n<p>&nbsp;<\/p>\n<p>Vous voulez calculer des incertitudes<\/p>\n<p>Vous voulez organiser un essai inter-laboratoires<\/p>\n<p>Retrouvez l&#8217;historique des derniers essais inter-laboratoires en hydrom\u00e9trie<\/p>\n<p>Vous souhaitez faire un REX suite \u00e0 une inondation<\/p>\n<p>Vous voulez exp\u00e9rimenter la d\u00e9bitm\u00e9trie par analyse d&#8217;images (LSPIV)<\/p>\n<p>&nbsp;<\/p>\n<p><img loading=\"lazy\" decoding=\"async\" class=\"alignnone size-medium wp-image-74 aligncenter\" src=\"https:\/\/gdh-hydrometrie.org\/wp-content\/uploads\/2015\/12\/1_ouveze-300x200.jpg\" alt=\"1_ouveze\" width=\"300\" height=\"200\" srcset=\"https:\/\/gdh-hydrometrie.org\/wp-content\/uploads\/2015\/12\/1_ouveze-300x200.jpg 300w, https:\/\/gdh-hydrometrie.org\/wp-content\/uploads\/2015\/12\/1_ouveze-768x513.jpg 768w, https:\/\/gdh-hydrometrie.org\/wp-content\/uploads\/2015\/12\/1_ouveze-1024x684.jpg 1024w\" sizes=\"auto, (max-width: 300px) 100vw, 300px\" \/><\/p>\n<p>&nbsp;<\/p>\n<p>Vous voulez calculer des incertitudes<\/p>\n<p>Vous voulez organiser un essai inter-laboratoires<\/p>\n<p>Retrouvez l&#8217;historique des derniers essais inter-laboratoires en hydrom\u00e9trie<\/p>\n<p>Vous souhaitez faire un REX suite \u00e0 une inondation<\/p>\n<p>Vous voulez exp\u00e9rimenter la d\u00e9bitm\u00e9trie par analyse d&#8217;images (LSPIV)<\/p>\n<p>&nbsp;<\/p>\n<p><img loading=\"lazy\" decoding=\"async\" class=\"alignnone size-medium wp-image-74 aligncenter\" src=\"https:\/\/gdh-hydrometrie.org\/wp-content\/uploads\/2015\/12\/1_ouveze-300x200.jpg\" alt=\"1_ouveze\" width=\"300\" height=\"200\" srcset=\"https:\/\/gdh-hydrometrie.org\/wp-content\/uploads\/2015\/12\/1_ouveze-300x200.jpg 300w, https:\/\/gdh-hydrometrie.org\/wp-content\/uploads\/2015\/12\/1_ouveze-768x513.jpg 768w, https:\/\/gdh-hydrometrie.org\/wp-content\/uploads\/2015\/12\/1_ouveze-1024x684.jpg 1024w\" sizes=\"auto, (max-width: 300px) 100vw, 300px\" \/><\/p>\n<p>&nbsp;<\/p>\n<p>Vous voulez calculer des incertitudes<\/p>\n<p>Vous voulez organiser un essai inter-laboratoires<\/p>\n<p>Retrouvez l&#8217;historique des derniers essais inter-laboratoires en hydrom\u00e9trie<\/p>\n<p>Vous souhaitez faire un REX suite \u00e0 une inondation<\/p>\n<p>Vous voulez exp\u00e9rimenter la d\u00e9bitm\u00e9trie par analyse d&#8217;images (LSPIV)<\/p>\n<p>&nbsp;<\/p>\n<p><img loading=\"lazy\" decoding=\"async\" class=\"alignnone size-medium wp-image-74 aligncenter\" src=\"https:\/\/gdh-hydrometrie.org\/wp-content\/uploads\/2015\/12\/1_ouveze-300x200.jpg\" alt=\"1_ouveze\" width=\"300\" height=\"200\" srcset=\"https:\/\/gdh-hydrometrie.org\/wp-content\/uploads\/2015\/12\/1_ouveze-300x200.jpg 300w, https:\/\/gdh-hydrometrie.org\/wp-content\/uploads\/2015\/12\/1_ouveze-768x513.jpg 768w, https:\/\/gdh-hydrometrie.org\/wp-content\/uploads\/2015\/12\/1_ouveze-1024x684.jpg 1024w\" sizes=\"auto, (max-width: 300px) 100vw, 300px\" \/><\/p>\n<p>&nbsp;<\/p>\n<p>&nbsp;<\/p>","protected":false},"excerpt":{"rendered":"<p>Vous voulez calculer des incertitudes Vous voulez organiser un essai inter-laboratoires Retrouvez l&#8217;historique des derniers essais inter-laboratoires en hydrom\u00e9trie Vous souhaitez faire un REX suite \u00e0 une inondation Vous voulez exp\u00e9rimenter la d\u00e9bitm\u00e9trie par analyse d&#8217;images (LSPIV) &nbsp; &nbsp; Vous<\/p>\n","protected":false},"author":4,"featured_media":0,"parent":37,"menu_order":3,"comment_status":"closed","ping_status":"closed","template":"","meta":{"_bbp_topic_count":0,"_bbp_reply_count":0,"_bbp_total_topic_count":0,"_bbp_total_reply_count":0,"_bbp_voice_count":0,"_bbp_anonymous_reply_count":0,"_bbp_topic_count_hidden":0,"_bbp_reply_count_hidden":0,"_bbp_forum_subforum_count":0,"footnotes":""},"class_list":["post-33","page","type-page","status-publish","hentry"],"_links":{"self":[{"href":"https:\/\/gdh-hydrometrie.org\/es\/wp-json\/wp\/v2\/pages\/33","targetHints":{"allow":["GET"]}}],"collection":[{"href":"https:\/\/gdh-hydrometrie.org\/es\/wp-json\/wp\/v2\/pages"}],"about":[{"href":"https:\/\/gdh-hydrometrie.org\/es\/wp-json\/wp\/v2\/types\/page"}],"author":[{"embeddable":true,"href":"https:\/\/gdh-hydrometrie.org\/es\/wp-json\/wp\/v2\/users\/4"}],"replies":[{"embeddable":true,"href":"https:\/\/gdh-hydrometrie.org\/es\/wp-json\/wp\/v2\/comments?post=33"}],"version-history":[{"count":14,"href":"https:\/\/gdh-hydrometrie.org\/es\/wp-json\/wp\/v2\/pages\/33\/revisions"}],"predecessor-version":[{"id":2253,"href":"https:\/\/gdh-hydrometrie.org\/es\/wp-json\/wp\/v2\/pages\/33\/revisions\/2253"}],"up":[{"embeddable":true,"href":"https:\/\/gdh-hydrometrie.org\/es\/wp-json\/wp\/v2\/pages\/37"}],"wp:attachment":[{"href":"https:\/\/gdh-hydrometrie.org\/es\/wp-json\/wp\/v2\/media?parent=33"}],"curies":[{"name":"wp","href":"https:\/\/api.w.org\/{rel}","templated":true}]}}