{"id":1611,"date":"2022-07-12T13:49:26","date_gmt":"2022-07-12T12:49:26","guid":{"rendered":"https:\/\/gdh-hydrometrie.org\/?page_id=1611"},"modified":"2022-07-12T14:01:21","modified_gmt":"2022-07-12T13:01:21","slug":"retour-dexperience-materiels-et-methodes-dhydrometrie","status":"publish","type":"page","link":"https:\/\/gdh-hydrometrie.org\/es\/boite-a-outils\/documents-utiles\/retour-dexperience-materiels-et-methodes-dhydrometrie\/","title":{"rendered":"Retour d&#8217;exp\u00e9rience mat\u00e9riels et m\u00e9thodes d&#8217;hydrom\u00e9trie"},"content":{"rendered":"<p class=\"qtranxs-available-languages-message qtranxs-available-languages-message-es\">Disculpa, pero esta entrada est\u00e1 disponible s\u00f3lo en <a href=\"https:\/\/gdh-hydrometrie.org\/fr\/wp-json\/wp\/v2\/pages\/1611\" class=\"qtranxs-available-language-link qtranxs-available-language-link-fr\" title=\"Fran\u00e7ais\">Fran\u00e7ais<\/a>.<\/p>","protected":false},"excerpt":{"rendered":"<p>Disculpa, pero esta entrada est\u00e1 disponible s\u00f3lo en Fran\u00e7ais.<\/p>\n","protected":false},"author":4,"featured_media":0,"parent":37,"menu_order":1,"comment_status":"closed","ping_status":"closed","template":"","meta":{"_bbp_topic_count":0,"_bbp_reply_count":0,"_bbp_total_topic_count":0,"_bbp_total_reply_count":0,"_bbp_voice_count":0,"_bbp_anonymous_reply_count":0,"_bbp_topic_count_hidden":0,"_bbp_reply_count_hidden":0,"_bbp_forum_subforum_count":0,"footnotes":""},"class_list":["post-1611","page","type-page","status-publish","hentry"],"_links":{"self":[{"href":"https:\/\/gdh-hydrometrie.org\/es\/wp-json\/wp\/v2\/pages\/1611","targetHints":{"allow":["GET"]}}],"collection":[{"href":"https:\/\/gdh-hydrometrie.org\/es\/wp-json\/wp\/v2\/pages"}],"about":[{"href":"https:\/\/gdh-hydrometrie.org\/es\/wp-json\/wp\/v2\/types\/page"}],"author":[{"embeddable":true,"href":"https:\/\/gdh-hydrometrie.org\/es\/wp-json\/wp\/v2\/users\/4"}],"replies":[{"embeddable":true,"href":"https:\/\/gdh-hydrometrie.org\/es\/wp-json\/wp\/v2\/comments?post=1611"}],"version-history":[{"count":5,"href":"https:\/\/gdh-hydrometrie.org\/es\/wp-json\/wp\/v2\/pages\/1611\/revisions"}],"predecessor-version":[{"id":1619,"href":"https:\/\/gdh-hydrometrie.org\/es\/wp-json\/wp\/v2\/pages\/1611\/revisions\/1619"}],"up":[{"embeddable":true,"href":"https:\/\/gdh-hydrometrie.org\/es\/wp-json\/wp\/v2\/pages\/37"}],"wp:attachment":[{"href":"https:\/\/gdh-hydrometrie.org\/es\/wp-json\/wp\/v2\/media?parent=1611"}],"curies":[{"name":"wp","href":"https:\/\/api.w.org\/{rel}","templated":true}]}}