{"id":37,"date":"2015-12-18T16:02:15","date_gmt":"2015-12-18T15:02:15","guid":{"rendered":"https:\/\/gdh-hydrometrie.org\/?page_id=37"},"modified":"2018-02-19T11:06:44","modified_gmt":"2018-02-19T10:06:44","slug":"documents-utiles","status":"publish","type":"page","link":"https:\/\/gdh-hydrometrie.org\/en\/boite-a-outils\/documents-utiles\/","title":{"rendered":"<strong>Documents utiles<\/strong>"},"content":{"rendered":"<p>&nbsp;<\/p>\n<table style=\"height: 232px; width: 182px;\">\n<tbody>\n<tr>\n<td style=\"width: 2px;\"><\/td>\n<td style=\"width: 174.633px;\"><a href=\"http:\/\/www.fomodo.fr\/files\/ONEMA_controle-debits-reglementaires_11-2011.153.pdf\"><img loading=\"lazy\" decoding=\"async\" class=\"alignnone wp-image-95\" src=\"https:\/\/gdh-hydrometrie.org\/wp-content\/uploads\/2015\/12\/guide_onema-214x300.jpg\" alt=\"guide_onema\" width=\"137\" height=\"192\" srcset=\"https:\/\/gdh-hydrometrie.org\/wp-content\/uploads\/2015\/12\/guide_onema-214x300.jpg 214w, https:\/\/gdh-hydrometrie.org\/wp-content\/uploads\/2015\/12\/guide_onema.jpg 334w\" sizes=\"auto, (max-width: 137px) 100vw, 137px\" \/><\/a><\/td>\n<td style=\"width: 10px;\"><\/td>\n<\/tr>\n<\/tbody>\n<\/table>\n<p>&nbsp;<\/p>\n<ul>\n<li data-canvas-width=\"472.8325\"><a href=\"http:\/\/www.fomodo.fr\/files\/ONEMA_controle-debits-reglementaires_11-2011.153.pdf\">Guide pour le contr\u00f4le des d\u00e9bits r\u00e9glementaires<\/a><\/li>\n<\/ul>\n<p><\/p>","protected":false},"excerpt":{"rendered":"<p>&nbsp; &nbsp; Guide pour le contr\u00f4le des d\u00e9bits r\u00e9glementaires<\/p>\n","protected":false},"author":4,"featured_media":95,"parent":133,"menu_order":2,"comment_status":"closed","ping_status":"closed","template":"","meta":{"_bbp_topic_count":0,"_bbp_reply_count":0,"_bbp_total_topic_count":0,"_bbp_total_reply_count":0,"_bbp_voice_count":0,"_bbp_anonymous_reply_count":0,"_bbp_topic_count_hidden":0,"_bbp_reply_count_hidden":0,"_bbp_forum_subforum_count":0,"footnotes":""},"class_list":["post-37","page","type-page","status-publish","has-post-thumbnail","hentry"],"_links":{"self":[{"href":"https:\/\/gdh-hydrometrie.org\/en\/wp-json\/wp\/v2\/pages\/37","targetHints":{"allow":["GET"]}}],"collection":[{"href":"https:\/\/gdh-hydrometrie.org\/en\/wp-json\/wp\/v2\/pages"}],"about":[{"href":"https:\/\/gdh-hydrometrie.org\/en\/wp-json\/wp\/v2\/types\/page"}],"author":[{"embeddable":true,"href":"https:\/\/gdh-hydrometrie.org\/en\/wp-json\/wp\/v2\/users\/4"}],"replies":[{"embeddable":true,"href":"https:\/\/gdh-hydrometrie.org\/en\/wp-json\/wp\/v2\/comments?post=37"}],"version-history":[{"count":21,"href":"https:\/\/gdh-hydrometrie.org\/en\/wp-json\/wp\/v2\/pages\/37\/revisions"}],"predecessor-version":[{"id":1183,"href":"https:\/\/gdh-hydrometrie.org\/en\/wp-json\/wp\/v2\/pages\/37\/revisions\/1183"}],"up":[{"embeddable":true,"href":"https:\/\/gdh-hydrometrie.org\/en\/wp-json\/wp\/v2\/pages\/133"}],"wp:featuredmedia":[{"embeddable":true,"href":"https:\/\/gdh-hydrometrie.org\/en\/wp-json\/wp\/v2\/media\/95"}],"wp:attachment":[{"href":"https:\/\/gdh-hydrometrie.org\/en\/wp-json\/wp\/v2\/media?parent=37"}],"curies":[{"name":"wp","href":"https:\/\/api.w.org\/{rel}","templated":true}]}}