{"id":135,"date":"2016-01-05T14:57:58","date_gmt":"2016-01-05T13:57:58","guid":{"rendered":"https:\/\/gdh-hydrometrie.org\/?page_id=135"},"modified":"2025-01-07T11:43:16","modified_gmt":"2025-01-07T10:43:16","slug":"groupes-de-travail","status":"publish","type":"page","link":"https:\/\/gdh-hydrometrie.org\/en\/activites-du-groupe\/groupes-de-travail\/","title":{"rendered":"Groupes de travail"},"content":{"rendered":"<p>- Guide inter-comparaisons<\/p>\n<p>&#8211; R\u00e9vision de la Charte qualit\u00e9 hydrom\u00e9trie<\/p>\n<p>&#8211; Stations d\u00e9bitm\u00e9triques<\/p>\n<p>&#8211; Commission AFNOR X10C<\/p>\n<p>&#8211; Continuit\u00e9 \u00e9cologique et mesure hydrom\u00e9trique<\/p>\n<p>&#8211; Capteurs vid\u00e9o<\/p>","protected":false},"excerpt":{"rendered":"<p>&#8211; Guide inter-comparaisons &#8211; R\u00e9vision de la Charte qualit\u00e9 hydrom\u00e9trie &#8211; Stations d\u00e9bitm\u00e9triques &#8211; Commission AFNOR X10C &#8211; Continuit\u00e9 \u00e9cologique et mesure hydrom\u00e9trique &#8211; Capteurs vid\u00e9o<\/p>\n","protected":false},"author":4,"featured_media":0,"parent":666,"menu_order":3,"comment_status":"closed","ping_status":"closed","template":"","meta":{"_bbp_topic_count":0,"_bbp_reply_count":0,"_bbp_total_topic_count":0,"_bbp_total_reply_count":0,"_bbp_voice_count":0,"_bbp_anonymous_reply_count":0,"_bbp_topic_count_hidden":0,"_bbp_reply_count_hidden":0,"_bbp_forum_subforum_count":0,"footnotes":""},"class_list":["post-135","page","type-page","status-publish","hentry"],"_links":{"self":[{"href":"https:\/\/gdh-hydrometrie.org\/en\/wp-json\/wp\/v2\/pages\/135","targetHints":{"allow":["GET"]}}],"collection":[{"href":"https:\/\/gdh-hydrometrie.org\/en\/wp-json\/wp\/v2\/pages"}],"about":[{"href":"https:\/\/gdh-hydrometrie.org\/en\/wp-json\/wp\/v2\/types\/page"}],"author":[{"embeddable":true,"href":"https:\/\/gdh-hydrometrie.org\/en\/wp-json\/wp\/v2\/users\/4"}],"replies":[{"embeddable":true,"href":"https:\/\/gdh-hydrometrie.org\/en\/wp-json\/wp\/v2\/comments?post=135"}],"version-history":[{"count":18,"href":"https:\/\/gdh-hydrometrie.org\/en\/wp-json\/wp\/v2\/pages\/135\/revisions"}],"predecessor-version":[{"id":2218,"href":"https:\/\/gdh-hydrometrie.org\/en\/wp-json\/wp\/v2\/pages\/135\/revisions\/2218"}],"up":[{"embeddable":true,"href":"https:\/\/gdh-hydrometrie.org\/en\/wp-json\/wp\/v2\/pages\/666"}],"wp:attachment":[{"href":"https:\/\/gdh-hydrometrie.org\/en\/wp-json\/wp\/v2\/media?parent=135"}],"curies":[{"name":"wp","href":"https:\/\/api.w.org\/{rel}","templated":true}]}}